{"id":18,"date":"2022-05-13T15:09:29","date_gmt":"2022-05-13T15:09:29","guid":{"rendered":"https:\/\/agro-eaa.ma\/?page_id=18"},"modified":"2024-05-28T15:46:03","modified_gmt":"2024-05-28T15:46:03","slug":"presentation","status":"publish","type":"page","link":"https:\/\/agro-eaa.ma\/index.php\/presentation\/","title":{"rendered":"Mot du Directeur"},"content":{"rendered":"\n<blockquote class=\"wp-block-quote is-layout-flow wp-block-quote-is-layout-flow\">\n<p><\/p>\n\n\n\n<p class=\"has-text-align-center\">ENNASR ALIMENTAIRE AFRIQUAINE est au c\u0153ur de l&#8217;innovation et de la qualit\u00e9 dans l&#8217;industrie alimentaire. Avec un engagement ind\u00e9fectible envers la s\u00e9curit\u00e9 alimentaire, la durabilit\u00e9 et l&#8217;excellence op\u00e9rationnelle, nous sommes fiers de fournir des produits alimentaires de premi\u00e8re qualit\u00e9 \u00e0 nos clients. Forts de notre expertise dans la s\u00e9lection rigoureuse des mati\u00e8res premi\u00e8res et des normes strictes de fabrication, nous produisons une large gamme de produits r\u00e9pondant aux normes les plus \u00e9lev\u00e9es en mati\u00e8re de qualit\u00e9 et de go\u00fbt. Notre histoire est marqu\u00e9e par des d\u00e9cennies de leadership, d&#8217;innovation et de partenariats solides avec nos fournisseurs et nos clients. En tant qu&#8217;acteurs de premier plan dans l&#8217;industrie agroalimentaire, nous nous engageons \u00e0 promouvoir une alimentation saine et durable, tout en contribuant au d\u00e9veloppement \u00e9conomique des communaut\u00e9s o\u00f9 nous op\u00e9rons. Chez ENNASR ALIMENTAIRE AFRIQUAINE, notre passion pour l&#8217;excellence alimentaire se refl\u00e8te dans chaque produit que nous livrons, et nous sommes d\u00e9termin\u00e9s \u00e0 continuer d&#8217;\u00eatre des pionniers dans notre secteur. <\/p>\n<\/blockquote>\n","protected":false},"excerpt":{"rendered":"<p>ENNASR ALIMENTAIRE AFRIQUAINE est au c\u0153ur de l&#8217;innovation et de la qualit\u00e9 dans l&#8217;industrie alimentaire. Avec un engagement ind\u00e9fectible envers la s\u00e9curit\u00e9 alimentaire, la durabilit\u00e9 et l&#8217;excellence op\u00e9rationnelle, nous sommes fiers de fournir des produits alimentaires de premi\u00e8re qualit\u00e9 \u00e0 nos clients. Forts de notre expertise dans la s\u00e9lection rigoureuse [&hellip;]<\/p>\n","protected":false},"author":1,"featured_media":0,"parent":0,"menu_order":0,"comment_status":"closed","ping_status":"closed","template":"","meta":{"_themeisle_gutenberg_block_has_review":false,"footnotes":""},"class_list":["post-18","page","type-page","status-publish","hentry"],"jetpack_sharing_enabled":true,"_links":{"self":[{"href":"https:\/\/agro-eaa.ma\/index.php\/wp-json\/wp\/v2\/pages\/18","targetHints":{"allow":["GET"]}}],"collection":[{"href":"https:\/\/agro-eaa.ma\/index.php\/wp-json\/wp\/v2\/pages"}],"about":[{"href":"https:\/\/agro-eaa.ma\/index.php\/wp-json\/wp\/v2\/types\/page"}],"author":[{"embeddable":true,"href":"https:\/\/agro-eaa.ma\/index.php\/wp-json\/wp\/v2\/users\/1"}],"replies":[{"embeddable":true,"href":"https:\/\/agro-eaa.ma\/index.php\/wp-json\/wp\/v2\/comments?post=18"}],"version-history":[{"count":9,"href":"https:\/\/agro-eaa.ma\/index.php\/wp-json\/wp\/v2\/pages\/18\/revisions"}],"predecessor-version":[{"id":148,"href":"https:\/\/agro-eaa.ma\/index.php\/wp-json\/wp\/v2\/pages\/18\/revisions\/148"}],"wp:attachment":[{"href":"https:\/\/agro-eaa.ma\/index.php\/wp-json\/wp\/v2\/media?parent=18"}],"curies":[{"name":"wp","href":"https:\/\/api.w.org\/{rel}","templated":true}]}}