{"id":39,"date":"2022-05-14T10:09:56","date_gmt":"2022-05-14T10:09:56","guid":{"rendered":"https:\/\/agro-eaa.ma\/index.php\/hestia-front\/"},"modified":"2025-12-11T16:47:50","modified_gmt":"2025-12-11T16:47:50","slug":"front","status":"publish","type":"page","link":"https:\/\/agro-eaa.ma\/","title":{"rendered":"Nos Marques"},"content":{"rendered":"\n<p class=\"has-text-align-center animated backInDown\" style=\"font-size:31px;font-style:normal;font-weight:1000\"><strong>Qualit\u00e9 et Tra\u00e7abilit\u00e9 dans Nos Marques<\/strong><\/p>\n\n\n\n<figure class=\"wp-block-image size-large animated backInDown\"><img loading=\"lazy\" decoding=\"async\" width=\"1024\" height=\"102\" src=\"https:\/\/agro-eaa.ma\/wp-content\/uploads\/2025\/12\/logos-1024x102.png\" alt=\"\" class=\"wp-image-556\" srcset=\"https:\/\/agro-eaa.ma\/wp-content\/uploads\/2025\/12\/logos-1024x102.png 1024w, https:\/\/agro-eaa.ma\/wp-content\/uploads\/2025\/12\/logos-300x30.png 300w, https:\/\/agro-eaa.ma\/wp-content\/uploads\/2025\/12\/logos-768x77.png 768w, https:\/\/agro-eaa.ma\/wp-content\/uploads\/2025\/12\/logos-1536x153.png 1536w, https:\/\/agro-eaa.ma\/wp-content\/uploads\/2025\/12\/logos-2048x205.png 2048w\" sizes=\"auto, (max-width: 1024px) 100vw, 1024px\" \/><\/figure>\n\n\n\n<p> <\/p>\n\n\n\n<p><\/p>\n\n\n\n<p class=\"has-text-align-center animated backInDown\">Nous sommes fiers de proposer plusieurs marques reconnues pour leur qualit\u00e9 constante, leurs recettes ma\u00eetris\u00e9es et leur respect des normes agroalimentaires.<br>Chaque marque repr\u00e9sente un engagement : celui d\u2019offrir aux distributeurs et partenaires des produits s\u00fbrs, tra\u00e7ables et savoureux.<\/p>\n\n\n\n<p><\/p>\n","protected":false},"excerpt":{"rendered":"<p>Qualit\u00e9 et Tra\u00e7abilit\u00e9 dans Nos Marques Nous sommes fiers de proposer plusieurs marques reconnues pour leur qualit\u00e9 constante, leurs recettes ma\u00eetris\u00e9es et leur respect des normes agroalimentaires.Chaque marque repr\u00e9sente un engagement : celui d\u2019offrir aux distributeurs et partenaires des produits s\u00fbrs, tra\u00e7ables et savoureux.<\/p>\n","protected":false},"author":1,"featured_media":0,"parent":0,"menu_order":0,"comment_status":"closed","ping_status":"closed","template":"","meta":{"_themeisle_gutenberg_block_has_review":false,"footnotes":""},"class_list":["post-39","page","type-page","status-publish","hentry"],"jetpack_sharing_enabled":true,"_links":{"self":[{"href":"https:\/\/agro-eaa.ma\/index.php\/wp-json\/wp\/v2\/pages\/39","targetHints":{"allow":["GET"]}}],"collection":[{"href":"https:\/\/agro-eaa.ma\/index.php\/wp-json\/wp\/v2\/pages"}],"about":[{"href":"https:\/\/agro-eaa.ma\/index.php\/wp-json\/wp\/v2\/types\/page"}],"author":[{"embeddable":true,"href":"https:\/\/agro-eaa.ma\/index.php\/wp-json\/wp\/v2\/users\/1"}],"replies":[{"embeddable":true,"href":"https:\/\/agro-eaa.ma\/index.php\/wp-json\/wp\/v2\/comments?post=39"}],"version-history":[{"count":11,"href":"https:\/\/agro-eaa.ma\/index.php\/wp-json\/wp\/v2\/pages\/39\/revisions"}],"predecessor-version":[{"id":578,"href":"https:\/\/agro-eaa.ma\/index.php\/wp-json\/wp\/v2\/pages\/39\/revisions\/578"}],"wp:attachment":[{"href":"https:\/\/agro-eaa.ma\/index.php\/wp-json\/wp\/v2\/media?parent=39"}],"curies":[{"name":"wp","href":"https:\/\/api.w.org\/{rel}","templated":true}]}}